{"id":121,"date":"2021-05-05T11:18:02","date_gmt":"2021-05-05T09:18:02","guid":{"rendered":"https:\/\/www.christianfleck.eu\/?page_id=121"},"modified":"2021-10-15T14:47:24","modified_gmt":"2021-10-15T12:47:24","slug":"texte","status":"publish","type":"page","link":"https:\/\/www.christianfleck.eu\/index.php\/texte\/","title":{"rendered":"Texte"},"content":{"rendered":"\n<p>Hier finden Sie<\/p>\n\n\n\n<ul class=\"wp-block-list\"><li>Manuskripte von demn\u00e4chst erscheinenden Arbeiten,<\/li><li>Manuskripte, die seit l\u00e4ngerem bei Verlagen und\/oder Herausgebern liegen und deren Erscheinstermin unbekannt ist,<\/li><li>Manuskripte, die aus unterschiedlichen Gr\u00fcnden, nie im Druck erschienen sind,<\/li><li>einige meiner schwer zug\u00e4nglichen Ver\u00f6ffentlichungen,<\/li><li>sowie jene meiner B\u00fccher, die vergriffen sind.<\/li><\/ul>\n\n\n\n<h2 class=\"wp-block-heading\">Pre-Prints<\/h2>\n\n\n\n<div class=\"wp-block-file\"><a href=\"https:\/\/www.christianfleck.eu\/wp-content\/uploads\/2021\/05\/Jerabek.pdf\">Christian Fleck, Rezension von Je\u0159\u00e1bek, Hynek\/Soukup, Petr (Hg.) (2008): Advanced Lazarsfeldian Methodology<\/a><a href=\"https:\/\/www.christianfleck.eu\/wp-content\/uploads\/2021\/05\/Jerabek.pdf\" class=\"wp-block-file__button\" download>Herunterladen<\/a><\/div>\n\n\n\n<div class=\"wp-block-file\"><a href=\"https:\/\/www.christianfleck.eu\/wp-content\/uploads\/2021\/05\/Die-zivilisierende-Wirkung-des-Exils.pdf\">Christian Fleck, <\/a><a href=\"https:\/\/www.christianfleck.eu\/wp-content\/uploads\/2021\/05\/Die-zivilisierende-Wirkung-des-Exils.pdf\" class=\"wp-block-file__button\" download>Herunterladen<\/a><\/div>\n\n\n\n<div class=\"wp-block-file\"><a href=\"https:\/\/www.christianfleck.eu\/wp-content\/uploads\/2021\/05\/2007e_Langversion.pdf\">Christian Fleck &amp; Nico Stehr, <\/a><a href=\"https:\/\/www.christianfleck.eu\/wp-content\/uploads\/2021\/05\/2007e_Langversion.pdf\" class=\"wp-block-file__button\" download>Herunterladen<\/a><\/div>\n\n\n\n<div class=\"wp-block-file\"><a href=\"https:\/\/www.christianfleck.eu\/wp-content\/uploads\/2021\/05\/Amerikanisierung_Manuskriptversion.pdf\">Christian Fleck, Attraktion und Innovation. \u00dcber einige Gr\u00fcnde f\u00fcr den Erfolg der amerikanischen Wissenschaftskultur, (dieser Text wurde f\u00fcr das <em>Jahrbuch f\u00fcr Soziologiegeschichte<\/em> geschrieben, erschien aber dort nicht mehr <\/a><a href=\"https:\/\/www.christianfleck.eu\/wp-content\/uploads\/2021\/05\/Amerikanisierung_Manuskriptversion.pdf\" class=\"wp-block-file__button\" download>Herunterladen<\/a><\/div>\n\n\n\n<div class=\"wp-block-file\"><a href=\"https:\/\/www.christianfleck.eu\/wp-content\/uploads\/2021\/05\/2003a_dt_Fassung.pdf\">Christian Fleck, R\u00e9flexions prosopographiques sur le retour d\u2019exil en Autriche, in: <em>Austriaca<\/em>, Jg. 2003, no. 56, 65-74 (<\/a><a href=\"https:\/\/www.christianfleck.eu\/wp-content\/uploads\/2021\/05\/2003a_dt_Fassung.pdf\" class=\"wp-block-file__button\" download>Herunterladen<\/a><\/div>\n\n\n\n<div class=\"wp-block-file\"><a href=\"https:\/\/www.christianfleck.eu\/wp-content\/uploads\/2021\/05\/2003g_Manuskriptversion.pdf\">Christian Fleck, <\/a><a href=\"https:\/\/www.christianfleck.eu\/wp-content\/uploads\/2021\/05\/2003g_Manuskriptversion.pdf\" class=\"wp-block-file__button\" download>Herunterladen<\/a><\/div>\n\n\n\n<div class=\"wp-block-file\"><a href=\"https:\/\/www.christianfleck.eu\/wp-content\/uploads\/2021\/05\/2000e2000f_Manuskriptversion.pdf\">Christian Fleck, <\/a><a href=\"https:\/\/www.christianfleck.eu\/wp-content\/uploads\/2021\/05\/2000e2000f_Manuskriptversion.pdf\" class=\"wp-block-file__button\" download>Herunterladen<\/a><\/div>\n\n\n\n<p>erschienen in zwei Teilen als:<br>Die gescheiterte Gr\u00fcndung eines Zentrums f\u00fcr sozialwissenschaftliche Forschung in den 30er-Jahren in Wien, in: <em>Newsletter des AGS\u00d6<\/em> Heft 20, 15-29 und<br>Wie Neues nicht entsteht. Die Gr\u00fcndung des Instituts f\u00fcr h\u00f6here Studien in Wien durch Ex-\u00d6sterreicher und die Ford Foundation, in: <em>\u00d6sterreichische Zeitschrift f\u00fcr Geschichtswissenschaften<\/em> 11. Jg., H. 1, 129-177.<\/p>\n\n\n\n<div class=\"wp-block-file\"><a href=\"https:\/\/www.christianfleck.eu\/wp-content\/uploads\/2021\/05\/2000-Ms-OeGS-Jubilaeum.pdf\">Christian Fleck,<em> <\/em><\/a><a href=\"https:\/\/www.christianfleck.eu\/wp-content\/uploads\/2021\/05\/2000-Ms-OeGS-Jubilaeum.pdf\" class=\"wp-block-file__button\" download>Herunterladen<\/a><\/div>\n","protected":false},"excerpt":{"rendered":"<p>Hier finden Sie Manuskripte von demn\u00e4chst erscheinenden Arbeiten, Manuskripte, die seit l\u00e4ngerem bei Verlagen und\/oder Herausgebern liegen und deren Erscheinstermin unbekannt ist, Manuskripte, die aus unterschiedlichen Gr\u00fcnden, nie im Druck erschienen sind, einige meiner schwer zug\u00e4nglichen Ver\u00f6ffentlichungen, sowie jene meiner B\u00fccher, die vergriffen sind. Pre-Prints erschienen in zwei Teilen als:Die gescheiterte Gr\u00fcndung eines Zentrums f\u00fcr &hellip; <\/p>\n<p class=\"link-more\"><a href=\"https:\/\/www.christianfleck.eu\/index.php\/texte\/\" class=\"more-link\"><span class=\"screen-reader-text\">\u201eTexte\u201c <\/span>weiterlesen<\/a><\/p>\n","protected":false},"author":1,"featured_media":0,"parent":0,"menu_order":0,"comment_status":"closed","ping_status":"closed","template":"","meta":{"footnotes":""},"class_list":["post-121","page","type-page","status-publish","hentry","entry"],"_links":{"self":[{"href":"https:\/\/www.christianfleck.eu\/index.php\/wp-json\/wp\/v2\/pages\/121","targetHints":{"allow":["GET"]}}],"collection":[{"href":"https:\/\/www.christianfleck.eu\/index.php\/wp-json\/wp\/v2\/pages"}],"about":[{"href":"https:\/\/www.christianfleck.eu\/index.php\/wp-json\/wp\/v2\/types\/page"}],"author":[{"embeddable":true,"href":"https:\/\/www.christianfleck.eu\/index.php\/wp-json\/wp\/v2\/users\/1"}],"replies":[{"embeddable":true,"href":"https:\/\/www.christianfleck.eu\/index.php\/wp-json\/wp\/v2\/comments?post=121"}],"version-history":[{"count":4,"href":"https:\/\/www.christianfleck.eu\/index.php\/wp-json\/wp\/v2\/pages\/121\/revisions"}],"predecessor-version":[{"id":195,"href":"https:\/\/www.christianfleck.eu\/index.php\/wp-json\/wp\/v2\/pages\/121\/revisions\/195"}],"wp:attachment":[{"href":"https:\/\/www.christianfleck.eu\/index.php\/wp-json\/wp\/v2\/media?parent=121"}],"curies":[{"name":"wp","href":"https:\/\/api.w.org\/{rel}","templated":true}]}}