{"id":94,"date":"2021-05-05T10:42:11","date_gmt":"2021-05-05T08:42:11","guid":{"rendered":"https:\/\/www.christianfleck.eu\/?page_id=94"},"modified":"2021-05-05T10:42:11","modified_gmt":"2021-05-05T08:42:11","slug":"miszellen","status":"publish","type":"page","link":"https:\/\/www.christianfleck.eu\/index.php\/werke\/miszellen\/","title":{"rendered":"Miszellen"},"content":{"rendered":"\n<p>2015 Offene Universit\u00e4t in Vergangenheit und Gegenwart, Vortrag im Rahmen der Ausstellung Die Universit\u00e4t. Ein Kampfplatz, J\u00fcdisches Museum Wien, Katalog, hrsg. v. Werner Hanak-Lettner, Wien: Picus, 214-224.<\/p>\n\n\n\n<p>2012 In Memoriam Eva Zeisel (1906-2011), in: <em>Austrian Studies Newsmagazine<\/em> 24 (1), 31.<\/p>\n\n\n\n<p>2011<a href=\"https:\/\/www.christianfleck.eu\/v1\/pdf\/texte\/2011_DGS Soziologie.pdf\"> Erfahrungen mit der Studieneingangsphase im BA Soziologie an der Universit\u00e4t Graz<\/a>, in: <em>Soziologie. Mitteilungsblatt der DGS<\/em> H.3, 291-301.<\/p>\n\n\n\n<p>2011 <a href=\"https:\/\/www.christianfleck.eu\/v1\/pdf\/texte\/2011k_Bell Nachruf.pdf\">Nekrolog Daniel Bell<\/a>, in: <em>K\u00f6lner Zeitschrift f\u00fcr Soziologie und Sozialpsychologie<\/em>, 63 (2): 343-346.<\/p>\n\n\n\n<p>2010 <a href=\"https:\/\/www.christianfleck.eu\/v1\/pdf\/texte\/2010l_OeZSHeft 3.pdf\">Anmerkungen zu Max Hallers \u201eDie Leistungen der \u00f6sterreichischen Soziologie. Fakten und Fiktionen\u201c<\/a>, in: <em>\u00d6sterreichische Zeitschrift f\u00fcr Soziologie<\/em> 35 (3), 88-97.<\/p>\n\n\n\n<p>2010 Die gerichtliche Verfolgung von Homosexuellen in der Steiermark. Eine Vorbemerkung zu den Beitr\u00e4gen von Philipp Korom, Joachim Heinzl und Neda Bei, in: Maria Froihofer, Elke Murlasits &amp; Eva Taxacher, Hrsg., L[i]eben und Begehren zwischen Geschlecht und Identit\u00e4t. Ausstellungskatalog zur gleichnamigen Ausstellung des Universalmuseum Joanneum, Wien: L\u00f6cker Verlag, S. 96f.<\/p>\n\n\n\n<p>2010 <a href=\"https:\/\/www.christianfleck.eu\/v1\/pdf\/texte\/2010n_ OEZG editorial.pdf\">Editorial<\/a>, in: <em>\u00d6sterreichischen Zeitschrift f\u00fcr Geschichtswissenschaften<\/em> 21 (3), 5-9.<\/p>\n\n\n\n<p>2009 <a href=\"https:\/\/www.christianfleck.eu\/v1\/pdf\/texte\/2009n.pdf\">Language, Nation State and Diversity: The Case of Sociology in Europe<\/a>, in: <em>ISA e-bulletin<\/em> 13, 126-149.<\/p>\n\n\n\n<p>2009 Replik zu Uta Gerhardts Rezension der \u201eTransatlantische Bereicherungen\u201c, in: <em>Soziologische Revue<\/em> 32 (4), 479f.<\/p>\n\n\n\n<p>2009 <a href=\"https:\/\/www.christianfleck.eu\/v1\/pdf\/texte\/2009d.pdf\">Psychotherapie in der Wissensgesellschaft<\/a>, in: Dave J. Karloff, Hermann Papatschy, Walter Pieringer und Brigtte Verlic, Hg., <em>Aufbruch ins Innere. 40 Jahre Integratives Seminar f\u00fcr Psychotherapie in Bad Gleichenberg<\/em>, Berlin: Pro Business, 249-275.<\/p>\n\n\n\n<p>2007 <a href=\"https:\/\/www.christianfleck.eu\/v1\/pdf\/texte\/2007n.pdf\">Forschungsf\u00f6rderung: Start mit zu hohen H\u00fcrden<\/a>, in: <em>Europ\u00e4ische Rundschau<\/em> 35 (4): 73-79.<\/p>\n\n\n\n<p>2006 \u00dcber Sammeln und Sammler, in: <em>Dings. Aus den Sammlungen Hofer \/Kaplan \/ Petrowitsch \/ Strobl \/ Th\u00fcmmel \/ Wolf<\/em>, hrsg. v. Anita Hofer &amp; Bernhard Wolf, Graz: Luxus Edition, 9-11.<\/p>\n\n\n\n<p>2006 <a href=\"https:\/\/www.christianfleck.eu\/v1\/pdf\/texte\/2000n.pdf\">Vorwort<\/a>, in: Matthias Aberer u.a., <em>Wo bleibt denn heute die Zeitung? Arbeits- und Lebensbedingungen von Zeitungsaustr\u00e4gerInnen<\/em>, Innsbruck: Studienverlag (=transblick 1), 7-11.<\/p>\n\n\n\n<p>2006 <a href=\"https:\/\/www.christianfleck.eu\/v1\/pdf\/texte\/2006j.pdf\">P\u00e4dagogik im Wandel der Zeit?<\/a> In: <em>Pestalozzi Gymnasium Graz 1906-2006 Festschrift<\/em>, Graz: BG und BRG Pestalozzistrasse, 36f.<\/p>\n\n\n\n<p>2005 <a href=\"https:\/\/www.christianfleck.eu\/v1\/pdf\/texte\/2005i.pdf\">Hundert Jahre und kein bi\u00dfchen gl\u00fccklich. Das Centennial der American Sociological Association<\/a>, in: <em>K\u00f6lner Zeitschrift f\u00fcr Soziologie und Sozialpsychologie<\/em> 57 (4), 773f.<\/p>\n\n\n\n<p>2004 <a href=\"https:\/\/www.christianfleck.eu\/v1\/pdf\/texte\/2004h.pdf\">\u201ePublic Sociologies\u201c 99. Jahrestagung des American Sociological Association<\/a>, in: <em>K\u00f6lner Zeitschrift f\u00fcr Soziologie und Sozialpsychologie<\/em> 56 (4) 787-789.<\/p>\n\n\n\n<p>2004 <a href=\"https:\/\/www.christianfleck.eu\/v1\/pdf\/texte\/2004i.pdf\">W\u0142adek, Stanley, Alois Hauser und andere. Die Einzelfallstudie in der Soziologie<\/a>, in: Waltraud Kannonier-Finster, <em>Eine Hitler-Jugend<\/em>, Innsbruck: Studienverlag (=Tiroler Studien zu Geschichte und Politik, Band 5), 7-15.<\/p>\n\n\n\n<p>2004 Vorwort, in: Sonja Ebner, <em>Drinnen und drau\u00dfen. Fremdenfeindlichkeit als soziale Praxis der Zugeh\u00f6rigkeit<\/em>, Graz, Bad Radkersburg: Artikel-VII-Kulturverein und Pavelhaus (=Wissenschaftliche Schriftenreihe des Pavelhauses, Bd. 5), 10-18.<\/p>\n\n\n\n<p>2002 Kurzweil, Edith, geb. Weisz, in: Brigitta Keintzel &amp; Ilse Korotin, Hrsg., <em>Wissenschafterinnen in und aus \u00d6sterreich. Leben \u2013 Werk \u2013 Wirken<\/em>, Wien: B\u00f6hlau, 426ff.<\/p>\n\n\n\n<p>2002 In memoriam David Riesman, in: <em>K\u00f6lner Zeitschrift f\u00fcr Soziologie und Sozialpsychologie <\/em>54 (4): 815f.<\/p>\n\n\n\n<p>2002 Marie Jahoda (1907-2001), in: M. Heidelberger &amp; F. Stadler, eds., <em>History of Philosophy of Science: New Trends and Perspectives <\/em>(=Vienna Circle Institute Yearbook 9. 2001), Dordrecht: Kluwer, 425-8.<\/p>\n\n\n\n<p>2001 <a href=\"https:\/\/www.christianfleck.eu\/v1\/pdf\/texte\/2001f.pdf\">Nachruf auf Marie Jahoda (1907-2001)<\/a>, in: <em>\u00d6sterreichische Zeitschrift f\u00fcr Soziologie<\/em> 26 (3): 66-72.<\/p>\n\n\n\n<p>2001 <a href=\"https:\/\/www.christianfleck.eu\/v1\/pdf\/texte\/2001g.pdf\">In Memoriam Marie Jahoda<\/a>, in: <em>K\u00f6lner Zeitschrift f\u00fcr Soziologie und Sozialpsychologie<\/em> 53 (3): 609-612.<\/p>\n\n\n\n<p>2001 Marie Jahoda (1907-2001), in: <em>ASA Footnotes<\/em> vol. 29 (6), 18.<\/p>\n\n\n\n<p>2001 Zum Ableben von Marie Jahoda, in: <em>Arbeit &amp; Wirtschaft<\/em> 55. Jg., Heft 6 (Juni), S. 31.<\/p>\n\n\n\n<p>2000 Explaining Austria \u2013 \u00d6sterreich erkl\u00e4ren, in: <em>Sterz<\/em> Nr. 84, 6-11.<\/p>\n\n\n\n<p>1997 Marienthal: Die Polizei beobachtet die Sozialforscher, die die Auswirkungen der Arbeitslosigkeit beobachten, in: <em>Newsletter des AGS\u00d6<\/em>, Nr. 16, S. 3f.<\/p>\n\n\n\n<p>1997 Einleitende Bemerkungen: \u00dcber Marie Jahoda, in: Friedrich Stadler, Hg., <em>Bausteine wissenschaftlicher Weltauffassung. Lecture Series\/ Vortr\u00e4ge des Instituts Wiener Kreis<\/em>, Wien, New York: Springer, S. 35 \u201339.<\/p>\n\n\n\n<p>1996 Fordert die Sozialstruktur von Graz \u201eHandlungsbedarf\u201c heraus?, in: Alfred Stingl &amp; Helmut Konrad, Hrsg., <em>Stadtfinden. Grazer Wege in die Zukunft<\/em>, Graz: Leykam, S. 100 \u2013 111 (gemeinsam mit Marianne Egger).<\/p>\n\n\n\n<p>1995 Vorbemerkung zu: Marie Jahoda \u201eResistance to Pressure for Ideological Compliance\u201c, in: <em>Newsletter des AGS\u00d6<\/em>, Nr. 11, S. 3.<\/p>\n\n\n\n<p>1992 <a href=\"https:\/\/www.christianfleck.eu\/v1\/pdf\/texte\/1992e.pdf\">Wof\u00fcr auch Franz Honner seinen Arm hingegeben h\u00e4tte. \u00dcber Treue und Scham \u00f6sterreichi-scher Kommunisten in den f\u00fcnfziger Jahren<\/a>, in: <em>Fortschrittliche Wissenschaft<\/em>, Nr. 35 (=H. 3, Jg. 1992), S. 23 &#8211; 29.<\/p>\n\n\n\n<p>1992 Nachruf Michael Pollak, in: <em>\u00d6sterreichische Zeitschrift f\u00fcr Soziologie<\/em>, 17. Jg., S. 110 &#8211; 114 (gemeinsam mit Albert M\u00fcller).<\/p>\n\n\n\n<p>1990 Was darf der Soziologiehistoriker? Stellungnahme zu Vorbehalten und Einw\u00e4nden gegen die Sammlung von Daten zur Geschichte der Personalrekutierung in der \u00f6sterreichischen Soziologie, in: <em>Newsletter des AGS\u00d6<\/em>, Nr. 4, S. 1ff. (Wiederabdruck: Sociologia Internationalis, Bd. 29, 1991, H.2, S. 235 -242).<\/p>\n\n\n\n<p>1989 <a href=\"https:\/\/www.christianfleck.eu\/v1\/pdf\/texte\/1989d.pdf\">Zwei unbekannte Aufs\u00e4tze von Paul F. Lazarsfeld. Vorbemerkung zu: &#8222;Was erraten wir aus der menschlichen Stimme?&#8220; (1931)<\/a>, in: <em>Newsletter des AGS\u00d6<\/em>, Nr.2, S.3f.<\/p>\n\n\n\n<p>1987 Eduard M\u00e4rz (1908 &#8211; 1987), in: <em>\u00d6sterreichische Zeitschrift f\u00fcr Soziologie<\/em>, 12. Jg., S. 81 &#8211; 84.<\/p>\n\n\n\n<p>1985 F\u00fcnf Thesen zu Universit\u00e4t und Vergangenheitsbew\u00e4ltigung (um Anmerkungen erweiterter Text eines Beitrags zur Podiumsdiskussion &#8222;Universit\u00e4t und Vergangenheitsbew\u00e4ltigung&#8220; am 17.12.1984 a.d. Universit\u00e4t Graz), in: <em>uni-aktuell. Zeitschrift der \u00d6sterreichischen Hochsch\u00fclerschaft an der Universit\u00e4t Graz<\/em>, J\u00e4nner, S. 7 &#8211; 10. (Wiederabdruck: Universit\u00e4t und Vergangenheitsbew\u00e4ltigung &#8211; am Beispiel der Gedenktafelaff\u00e4re 1984, Graz: VSSt\u00d6 Edition, S. 53 &#8211; 57).<\/p>\n\n\n\n<p>1984 Erforschung verborgener Gesetzm\u00e4\u00dfigkeiten des soziologischen (Jahr-) Marktes der Eitelkei-ten. Ein Zwischenbericht, in: <em>\u00d6sterreichische Zeitschrift f\u00fcr Soziologie<\/em>, 9. Jg., S. 156 &#8211; 158.<\/p>\n\n\n\n<p>1984 Datenschutz &#8211; Behinderung der Wissenschaften ?, in: <em>Die Zukunft<\/em>, H. 6, Juni, S. 28 &#8211; 30.<\/p>\n\n\n\n<p>1984 Nachruf Gunter Falk, in: <em>WAS<\/em>, H. 41, S. 4f.<\/p>\n","protected":false},"excerpt":{"rendered":"<p>2015 Offene Universit\u00e4t in Vergangenheit und Gegenwart, Vortrag im Rahmen der Ausstellung Die Universit\u00e4t. Ein Kampfplatz, J\u00fcdisches Museum Wien, Katalog, hrsg. v. Werner Hanak-Lettner, Wien: Picus, 214-224. 2012 In Memoriam Eva Zeisel (1906-2011), in: Austrian Studies Newsmagazine 24 (1), 31. 2011 Erfahrungen mit der Studieneingangsphase im BA Soziologie an der Universit\u00e4t Graz, in: Soziologie. Mitteilungsblatt &hellip; <\/p>\n<p class=\"link-more\"><a href=\"https:\/\/www.christianfleck.eu\/index.php\/werke\/miszellen\/\" class=\"more-link\"><span class=\"screen-reader-text\">\u201eMiszellen\u201c <\/span>weiterlesen<\/a><\/p>\n","protected":false},"author":1,"featured_media":0,"parent":84,"menu_order":5,"comment_status":"closed","ping_status":"closed","template":"","meta":{"footnotes":""},"class_list":["post-94","page","type-page","status-publish","hentry","entry"],"_links":{"self":[{"href":"https:\/\/www.christianfleck.eu\/index.php\/wp-json\/wp\/v2\/pages\/94","targetHints":{"allow":["GET"]}}],"collection":[{"href":"https:\/\/www.christianfleck.eu\/index.php\/wp-json\/wp\/v2\/pages"}],"about":[{"href":"https:\/\/www.christianfleck.eu\/index.php\/wp-json\/wp\/v2\/types\/page"}],"author":[{"embeddable":true,"href":"https:\/\/www.christianfleck.eu\/index.php\/wp-json\/wp\/v2\/users\/1"}],"replies":[{"embeddable":true,"href":"https:\/\/www.christianfleck.eu\/index.php\/wp-json\/wp\/v2\/comments?post=94"}],"version-history":[{"count":1,"href":"https:\/\/www.christianfleck.eu\/index.php\/wp-json\/wp\/v2\/pages\/94\/revisions"}],"predecessor-version":[{"id":95,"href":"https:\/\/www.christianfleck.eu\/index.php\/wp-json\/wp\/v2\/pages\/94\/revisions\/95"}],"up":[{"embeddable":true,"href":"https:\/\/www.christianfleck.eu\/index.php\/wp-json\/wp\/v2\/pages\/84"}],"wp:attachment":[{"href":"https:\/\/www.christianfleck.eu\/index.php\/wp-json\/wp\/v2\/media?parent=94"}],"curies":[{"name":"wp","href":"https:\/\/api.w.org\/{rel}","templated":true}]}}