{"id":96,"date":"2021-05-05T10:42:40","date_gmt":"2021-05-05T08:42:40","guid":{"rendered":"https:\/\/www.christianfleck.eu\/?page_id=96"},"modified":"2021-10-15T14:46:04","modified_gmt":"2021-10-15T12:46:04","slug":"rezensionen","status":"publish","type":"page","link":"https:\/\/www.christianfleck.eu\/index.php\/werke\/rezensionen\/","title":{"rendered":"Rezensionen"},"content":{"rendered":"\n<p>2021 <a href=\"https:\/\/www.soziopolis.de\/leistungsbeurteilung-aus-dem-lehnstuhl.html\" data-type=\"URL\" data-id=\"https:\/\/www.soziopolis.de\/leistungsbeurteilung-aus-dem-lehnstuhl.html\" target=\"_blank\" rel=\"noreferrer noopener\">Leistungsbeurteilung aus dem Lehnstuhl, Literaturessay zu \u201eDie Soziologie und ihre Nachbardisziplinen im Habsburgerreich&#8220; von Karl Acham (Hg.)<\/a>, in: <em>Soziopolis<\/em><\/p>\n\n\n\n<p>2020 Chr. Adair\u2011Toteff and S. P. Turner, The Calling of Social Thought: Rediscovering the Work of Edward Shils, in: <em>Minerva<\/em> 58: 481-3, DOI 10.1007\/s11024-020-09410-9<\/p>\n\n\n\n<p>2019 <a href=\"https:\/\/www.soziopolis.de\/lesen\/buecher\/artikel\/die-tyrannei-der-kennzahlen\" data-type=\"URL\" data-id=\"https:\/\/www.soziopolis.de\/lesen\/buecher\/artikel\/die-tyrannei-der-kennzahlen\" target=\"_blank\" rel=\"noreferrer noopener\">Die Tyrannei der Kennzahlen, Besprechung von Y. Gingras, Bibliometrics und J. Z. Muller, Tyranny<\/a>, in: <em>Soziopolis<\/em><\/p>\n\n\n\n<p>2019 R. Sala, Theorie versus Praxis? Soziologie in Deutschland und den Vereinigten Staaten im fr\u00fchen 20. Jahrhundert, geschrieben auf Einladung von H-Soz-Kult, dort allerdings nicht erschienen.<\/p>\n\n\n\n<p>2018 <a href=\"https:\/\/soziopolis.de\/lesen\/buecher\/artikel\/nach-dem-spiel-ist-vor-dem-spiel\/\" data-type=\"URL\" data-id=\"https:\/\/soziopolis.de\/lesen\/buecher\/artikel\/nach-dem-spiel-ist-vor-dem-spiel\/\" target=\"_blank\" rel=\"noreferrer noopener\">Nach dem Spiel ist vor dem Spiel, Rezension von P. T. Hofman, Wie Europa die Welt eroberte<\/a>, in: <em>Soziopolis<\/em><\/p>\n\n\n\n<p>2018 <a href=\"https:\/\/tidsskrift.dk\/Serendipities\/article\/view\/122722\" data-type=\"URL\" data-id=\"https:\/\/tidsskrift.dk\/Serendipities\/article\/view\/122722\" target=\"_blank\" rel=\"noreferrer noopener\">Heufelder, Der argentinische Kr\u00f6sus<\/a>, in: <em>Serendipities: Journal for the Sociology and History of the Social Sciences<\/em> 3 (1), 58-62, DOI 10.25364\/11.3:2018.1.8<\/p>\n\n\n\n<p>2017 Handbook Sociology in UK und Handbook Comparative Sociology, in: <em>K\u00f6lner Zeitschrift f\u00fcr Soziologie und Sozialpsychologie<\/em> 69 (4): 691 695, DOI 10.1007\/s11577-017-0492-8<\/p>\n\n\n\n<p>2016 A. Kranebitter, Zahlen als Zeugen, in: <em>K\u00f6lner Zeitschrift f\u00fcr Soziologie und Sozialpsychologie<\/em> 68 (1): 185-188.<\/p>\n\n\n\n<p>2015 <a href=\"https:\/\/www.christianfleck.eu\/v1\/pdf\/texte\/2015_Levine Rez.pdf\">D. N. Levine, Social Theory as a Vocation<\/a>, in: <em>K\u00f6lner Zeitschrift f\u00fcr Soziologie und Sozialpsychologie<\/em> 67 (4): 795-6.<\/p>\n\n\n\n<p>2015 <a href=\"https:\/\/www.christianfleck.eu\/v1\/pdf\/texte\/2015_rezension-stifter.pdf\">Chr. H. Stifter, Zwischen geistiger Erneuerung und Restauration<\/a>, in: <em>Zeitgeschichte<\/em> 42. Jg., H. 3, 198-200.<\/p>\n\n\n\n<p>2013 <a href=\"https:\/\/www.christianfleck.eu\/v1\/pdf\/texte\/2013_MertonianaKZfSS.pdf\">Sammelbesprechung Mertoniana<\/a>: Calhoun (Hrsg.): Robert K. Merton: Sociology of Science and Sociology as Science; Elkana, Szigeti und Lissauer (Hrsg.): Concepts and the Social Order: Robert K. Merton and the Future of Sociology; Mackert und Steinbicker: Zur Aktualit\u00e4t von Robert K. Merton; Mica, Peisert und Winczorek (Hrsg.): Sociology and the Unintended: Robert Merton Revisited, in: <em>K\u00f6lner Zeitschrift f\u00fcr Soziologie und Sozialpsychologie<\/em> 65 (4): 717-720.<\/p>\n\n\n\n<p>2013 <a href=\"https:\/\/www.christianfleck.eu\/v1\/pdf\/texte\/2013_Koenig_Fulbright.pdf\">Th. K\u00f6nig, Die Fr\u00fchgeschichte des Fulbright Program in \u00d6sterreich<\/a>, in: <em>\u00d6sterreichische Zeitschrift f\u00fcr Politikwissenschaft<\/em> 42 (1): 112-114.<\/p>\n\n\n\n<p>2010 <a href=\"https:\/\/www.christianfleck.eu\/v1\/pdf\/texte\/2010p KZfSS Frankfurter Schule.pdf\">Bekanntes und Neues \u00fcber die Frankfurter Schule<\/a>. Sammelbesprechung von M. Boll &amp; R. Gross, Die Frankfurter Schule und Frankfurt; R. Faber &amp; E.-M. Ziege, Das Feld der Frankfurter Kultur- und Sozialwissenschaften vor 1945; R. Faber &amp; E.-M. Ziege, Das Feld der Frankfurter Kultur- und Sozialwissenschaften nach 1945; D. Jenemann, Adorno in America; H. Steinert, Das Verh\u00e4ngnis der Gesellschaft und das Gl\u00fcck der Erkenntnis; T. Wheatland, The Frankfurt School in Exile; E.-M. Ziege, Antisemitismus und Gesellschaftstheorie, in: <em>K\u00f6lner Zeitschrift f\u00fcr Soziologie und Sozialpsychologie, <\/em>62 (4), 769-773.<\/p>\n\n\n\n<p>2010 <a href=\"https:\/\/www.christianfleck.eu\/v1\/pdf\/texte\/2010_Stichprobe.pdf\">Alfred Sch\u00fctz Doppelbesprechung<\/a> (Philosophisch-ph\u00e4nomenologische Schriften 1 und Alfred Schutz and his intellectual partners), in: <em>Soziologische Revue<\/em> 33(2): 194-196.<\/p>\n\n\n\n<p>2008 <a href=\"https:\/\/www.christianfleck.eu\/v1\/pdf\/texte\/2008n.pdf\">C. Calhoun, Sociology in America: A History<\/a>, in: <em>K\u00f6lner Zeitschrift f\u00fcr Soziologie und Sozialpsychologie<\/em> 60 (4), 789-792.<\/p>\n\n\n\n<p>2007 <a href=\"https:\/\/www.christianfleck.eu\/v1\/pdf\/texte\/2007k.pdf\">G. Sonnert &amp; G. Holton, What happened to the children who fled Nazi persecution<\/a>, in: <em>K\u00f6lner Zeitschrift f\u00fcr Soziologie und Sozialpsychologie<\/em> 59 (3), 549ff.<\/p>\n\n\n\n<p>2007 <a href=\"https:\/\/www.christianfleck.eu\/v1\/pdf\/texte\/2007l.pdf\">G. Aly, Volkes Stimme<\/a>, in: <em>K\u00f6lner Zeitschrift f\u00fcr Soziologie und Sozialpsychologie<\/em> 59 (3), 551f.<\/p>\n\n\n\n<p>2007 <a href=\"https:\/\/www.christianfleck.eu\/v1\/pdf\/texte\/2007j.pdf\">U. Gerhardt, Soziologie der Stunde Null<\/a>, in: <em>K\u00f6lner Zeitschrift f\u00fcr Soziologie und Sozialpsychologie<\/em> 59 (1), 163ff.<\/p>\n\n\n\n<p>2005 <a href=\"https:\/\/www.christianfleck.eu\/v1\/pdf\/texte\/2005h.pdf\">I.L. Horowitz, Tributes<\/a>, in: <em>K\u00f6lner Zeitschrift f\u00fcr Soziologie und Sozialpsychologie<\/em> 57 (4), 765f.<\/p>\n\n\n\n<p>2005 <a href=\"https:\/\/www.christianfleck.eu\/v1\/pdf\/texte\/2005g.pdf\">R.K. Merton &amp; E. Barber, The Travels and Adventures of Serendipity, R.K. Merton, Mass Persuasion<\/a>, in: in: <em>K\u00f6lner Zeitschrift f\u00fcr Soziologie und Sozialpsychologie<\/em> 57 (1) 157ff.<\/p>\n\n\n\n<p>2004 <a href=\"https:\/\/www.christianfleck.eu\/v1\/pdf\/texte\/2004l.pdf\">R. K\u00f6nig, Schriften, Bde. 1, 2, 3, 7, 18, 19, R. K\u00f6nig, Soziologe und Humanist<\/a>, in: <em>\u00d6sterreichische Zeitschrift f\u00fcr Soziologie<\/em> 29. Jg., H. 3, 81-86.<\/p>\n\n\n\n<p>2004 <a href=\"https:\/\/www.christianfleck.eu\/v1\/pdf\/texte\/2004m&amp;n&amp;o&amp;p.pdf\">M. Krauss, Heimkehr in ein fremdes Land, M. Krauss &amp; H. Sonnabend, Frauen und Migration<\/a>, in:<em> Newsletter des AGS\u00d6<\/em> 25, 60f.<\/p>\n\n\n\n<p>2004 <a href=\"https:\/\/www.christianfleck.eu\/v1\/pdf\/texte\/2004m&amp;n&amp;o&amp;p.pdf\">K. McRobbie &amp; K. Polanyi Levitt, Karl Polanyi in Vienna, K. Polanyi, Chronik der gro\u00dfen Transformation<\/a>, in: <em>Newsletter des AGS\u00d6<\/em> 25, 61f.<\/p>\n\n\n\n<p>2004 <a href=\"https:\/\/www.christianfleck.eu\/v1\/pdf\/texte\/2004m&amp;n&amp;o&amp;p.pdf\">G. Gemelli, American Foundations and Large Scale Research, G. Gemelli &amp; R. MacLeod, American Foundations in Europe, R. Siegmund-Schultze, Rockefeller and the Internationalization of Mathematics Between the Two Wars<\/a>, in: <em>Newsletter des AGS\u00d6<\/em> 25, 62.<\/p>\n\n\n\n<p>2003 <a href=\"https:\/\/www.christianfleck.eu\/v1\/pdf\/texte\/2003h.pdf\">H. Joas, Soziologie<\/a>, in: <em>K\u00f6lner Zeitschrift f\u00fcr Soziologie und Sozialpsychologie<\/em> 55 (1): 160ff.<\/p>\n\n\n\n<p>2002 E. Zilsel, The Social Origins of Modern Science, in: M. Heidelberger &amp; F. Stadler, eds., <em>History of Philosophy of Science: New Trends and Perspectives<\/em> (=Vienna Circle Institute Yearbook 9. 2001), Dordrecht: Kluwer, 396ff.<\/p>\n\n\n\n<p>2002 <a href=\"https:\/\/www.christianfleck.eu\/v1\/pdf\/texte\/2002j_bis_n.pdf\">Klassiker der Psychologie, hrsg. v. H. E. L\u00fcck, R. Miller &amp; G. Sewz-Vossheinrich<\/a>, in: <em>Newsletter des AGS\u00d6<\/em>, Nr. 23, 41.<\/p>\n\n\n\n<p>2002 <a href=\"https:\/\/www.christianfleck.eu\/v1\/pdf\/texte\/2002j_bis_n.pdf\">E. C. Stiefel &amp; F. Mecklenburg, Deutsche Juristen im amerikanischen Exil<\/a>, in: <em>Newsletter des AGS\u00d6<\/em>, Nr. 23, 41f.<\/p>\n\n\n\n<p>2002 <a href=\"https:\/\/www.christianfleck.eu\/v1\/pdf\/texte\/2002j_bis_n.pdf\">H. Jansen, National\u00f6konomie und Nationalsozialismus<\/a>, in: <em>Newsletter des AGS\u00d6,<\/em> Nr. 23, 42f.<\/p>\n\n\n\n<p>2002 <a href=\"https:\/\/www.christianfleck.eu\/v1\/pdf\/texte\/2002j_bis_n.pdf\">W. Fritz, Der Kopf des Asiaten Breitner. Politik und \u00d6konomie im Roten Wien<\/a>, in: <em>Newsletter des AGS\u00d6<\/em>, Nr. 23, 43ff.<\/p>\n\n\n\n<p>2002 <a href=\"https:\/\/www.christianfleck.eu\/v1\/pdf\/texte\/2002j_bis_n.pdf\">Die Alfred Klahr Gesellschaft und ihr Archiv<\/a>, in: <em>Newsletter des AGS\u00d6<\/em>, Nr. 23, 45f.<\/p>\n\n\n\n<p>2001 <a href=\"https:\/\/www.christianfleck.eu\/v1\/pdf\/texte\/2001k.pdf\">C. Albrecht u.a., Die intellektuelle Gr\u00fcndung der Bundesrepublik, S. K. Padover, L\u00fcgendetektor, M. Parge, Holocaust und autorit\u00e4rer Charakter<\/a>, in: <em>Newsletter des AGS\u00d6,<\/em> Nr. 21, 34ff.<\/p>\n\n\n\n<p>2001 <a href=\"https:\/\/www.christianfleck.eu\/v1\/pdf\/texte\/2001l.pdf\">K. M. Bolte &amp; F. Neidhardt, Soziologie als Beruf<\/a>, in: <em>Newsletter des AGS\u00d6<\/em>, Nr. 21, 37.<\/p>\n\n\n\n<p>2000 <a href=\"https:\/\/www.christianfleck.eu\/v1\/pdf\/texte\/2000m.pdf\">A. Abbott, Department and Discipline: Chicago Sociology at One Hundred<\/a>, in: <em>K\u00f6lner Zeitschrift f\u00fcr Soziologie und Sozialpsychologie<\/em> , 52. Jg., S. 827ff.<\/p>\n\n\n\n<p>2000 <a href=\"https:\/\/www.christianfleck.eu\/v1\/pdf\/texte\/2000n.pdf\">G. Oakes &amp; A. J. Vidich, Collaboration, Reputation, and Ethics in American Academic Life: Hans H. Gerth and C. Wright Mills<\/a>, in: <em>K\u00f6lner Zeitschrift f\u00fcr Soziologie und Sozialpsychologie<\/em> , 52. Jg., S. 825ff.<\/p>\n\n\n\n<p>2000 <a href=\"https:\/\/www.christianfleck.eu\/v1\/pdf\/texte\/2000o_bis_q.pdf\">R. Blomert, Intellektuelle im Aufbruch<\/a>, in: <em>Newsletter des AGS\u00d6<\/em> , Nr. 20, 42ff.<\/p>\n\n\n\n<p>2000 <a href=\"https:\/\/www.christianfleck.eu\/v1\/pdf\/texte\/2000o_bis_q.pdf\">D. Kaesler, Hrsg., Klassiker der Soziologie<\/a>, in: <em>Newsletter des AGS\u00d6<\/em> , Nr. 20, 45f.<\/p>\n\n\n\n<p>2000 <a href=\"https:\/\/www.christianfleck.eu\/v1\/pdf\/texte\/2000o_bis_q.pdf\">M. F. Keen, Stalking the Sociological Imagination<\/a>, in: <em>Newsletter des AGS\u00d6<\/em>, Nr. 20, 44f.<\/p>\n\n\n\n<p>2000 <a href=\"https:\/\/www.christianfleck.eu\/v1\/pdf\/texte\/2000o_bis_q.pdf\">Biographisches Handbuch der deutschsprachigen wirtschaftswissenschaftlichen Emigration nach 1933, hrsg. v. H. Hagemann &amp; C. -D. Krohn<\/a>, in: <em>Newsletter des AGS\u00d6<\/em>, Nr. 20, 40ff.<\/p>\n\n\n\n<p>1999 <a href=\"https:\/\/www.christianfleck.eu\/v1\/pdf\/texte\/1999d_bis_f.pdf\">Die \u00d6sterreichische Schule der National\u00f6konomie. Texte, hrsg. v. K. R. Leube, Bd. 1: Von Menger bis Mises, Bd. 2: Von Hayek bis White, Bd. 3 The Essence of J. A. Schumpeter. Die wesentlichen Texte, Bd. 4: F. Machlup, F\u00fchrer durch die Krisenpolitik<\/a>, in: <em>Newsletter des AGS\u00d6<\/em>, Nr. 18, S. 32f.<\/p>\n\n\n\n<p>1999&nbsp; <a href=\"https:\/\/www.christianfleck.eu\/v1\/pdf\/texte\/1999d_bis_f.pdf\">N. Anderson, On Hobos and Homelessness, Ch. H. Cooley, On Self and Social Organization, P. A. Sorokin, On the Practice of Sociology<\/a>, in: <em>Newsletter des AGS\u00d6<\/em>, Nr.18, S. 29ff.<\/p>\n\n\n\n<p>1999 <a href=\"https:\/\/www.christianfleck.eu\/v1\/pdf\/texte\/1999d_bis_f.pdf\">A. Oberschall, Empirische Sozialforschung in Deutschland 1848-1914<\/a>, in: <em>Newsletter des AGS\u00d6<\/em>, Nr. 18, S. 31f<\/p>\n\n\n\n<p>1998 <a href=\"https:\/\/www.christianfleck.eu\/v1\/pdf\/texte\/1998i.pdf\">Zur deutschsprachigen wirtschaftswissenschaftlichen Emigration nach 1933, hrsg. v. H. Hagemann, C. -D. Krohn, Der Philosophische \u00d6konom. Zur intellektuellen Biographie Adolph Lowes<\/a>, in: <em>Newsletter des AGS\u00d6<\/em>, Nr. 17, S. 33ff.<\/p>\n\n\n\n<p>1998 <a href=\"https:\/\/www.christianfleck.eu\/v1\/pdf\/texte\/1998j.pdf\">Erkenntnisgewinne, Erkenntnisverluste. Kontinuit\u00e4ten und Diskontinuit\u00e4ten in den Wirtschafts-, Rechts- und Sozialwissenschaften zwischen den 20er und 50er Jahren hrsg. v. K. Acham u.a.<\/a>, in: <em>Newsletter des AGS\u00d6<\/em>, Nr. 17, S. 29ff.<\/p>\n\n\n\n<p>1998 <a href=\"https:\/\/www.christianfleck.eu\/v1\/pdf\/texte\/1998k.pdf\">M. Pollak, Wien 1900<\/a>,&nbsp;in: <em>Newsletter des AGS\u00d6<\/em>, Nr. 17, S. 31f.<\/p>\n\n\n\n<p>1998 <a href=\"https:\/\/www.christianfleck.eu\/v1\/pdf\/texte\/1998l.pdf\">K\u00e4the Leichter. Leben, Werk und Sterben einer \u00f6sterreichischen Sozialdemokratin, K\u00e4the Leichter zum 100. Geburtstag. Texte zur Frauenpolitik<\/a>,&nbsp; in: <em>Newsletter des AGS\u00d6<\/em>, Nr. 17, S. 38f.<\/p>\n\n\n\n<p>1998&nbsp; <a href=\"https:\/\/www.christianfleck.eu\/v1\/pdf\/texte\/1998m.pdf\">G. Gemelli, The Ford Foundation and Europe<\/a>,&nbsp; in: <em>Newsletter des AGS\u00d6<\/em>, Nr. 17, S. 32f.<\/p>\n\n\n\n<p>1997 <a href=\"https:\/\/www.christianfleck.eu\/v1\/pdf\/texte\/1997f&amp;1997g.pdf\">Handbuch des politischen Systems \u00d6sterreichs. Die Zweite Republik<\/a>, in: <em>Newsletter des AGS\u00d6<\/em>, Nr. 16, S. 31f.<\/p>\n\n\n\n<p>1997 <a href=\"https:\/\/www.christianfleck.eu\/v1\/pdf\/texte\/1997f&amp;1997g.pdf\">Deutsche Biographische Enzyklop\u00e4die. Band 6<\/a>, in: <em>Newsletter des AGS\u00d6<\/em>, Nr. 16, S. 32ff.<\/p>\n\n\n\n<p>1997 <a href=\"https:\/\/www.christianfleck.eu\/v1\/pdf\/texte\/1997h.pdf\">G. L. Price, Eric Voegelin. A Classified Bibliography<\/a>, in: <em>Newsletter des AGS\u00d6<\/em>, Nr. 16, S. 22.&nbsp;<\/p>\n\n\n\n<p>1997 <a href=\"https:\/\/www.christianfleck.eu\/v1\/pdf\/texte\/1997i.pdf\">F. Stadler, Studien zum Wiener Kreis<\/a>, in: <em>Newsletter des AGS\u00d6<\/em> , Nr. 16, S. 26f.<\/p>\n\n\n\n<p>1997 <a href=\"https:\/\/www.christianfleck.eu\/v1\/pdf\/texte\/1997j.pdf\">M. Jahoda, &#8222;Ich habe die Welt nicht ver\u00e4ndert.&#8220; Lebenserinnerungen<\/a>, in: <em>Newsletter des AGS\u00d6<\/em>, Nr. 16, S. 20f.<\/p>\n\n\n\n<p>1997 M. Jahoda, &#8222;Ich habe die Welt nicht ver\u00e4ndert.&#8220; Lebenserinnerungen, in: <em>Falter<\/em>, Nr. 42, Beilage, S. 30.<\/p>\n\n\n\n<p>1997 R. K. Merton, On Social Structure and Science, in: <em>K\u00f6lner Zeitschrift f\u00fcr Soziologie und Sozialpsychologie<\/em>, 49.&nbsp; Jg. S. 563f.<\/p>\n\n\n\n<p>1997 C. Klingemann, Soziologie im Dritten Reich, in: <em>K\u00f6lner Zeitschrift f\u00fcr Soziologie und Sozialpsychologie<\/em>, 49.&nbsp; Jg. S. 600ff.<\/p>\n\n\n\n<p>1997 W.F. Whyte, Die Street Corner Society, W.F. Whyte, Participant Observer.&nbsp; An Autobiography, in: <em>K\u00f6lner Zeitschrift f\u00fcr Soziologie und Sozialpsychologie<\/em>, 49. Jg., 356ff.<\/p>\n\n\n\n<p>1997 M. Z\u00fcrcher, Unterbrochene Tradition. Die Anf\u00e4nge der Soziologie in der Schweiz, in: <em>K\u00f6lner Zeitschrift f\u00fcr Soziologie und Sozialpsychologie<\/em> , 49. Jg., S. 358ff.<\/p>\n\n\n\n<p>1996 <a href=\"https:\/\/www.christianfleck.eu\/v1\/pdf\/texte\/1996g.pdf\">\u00d6sterreicher im Exil \u2013 USA 1938-1945. Eine Dokumentation<\/a>, in: <em>Newsletter des AGS\u00d6<\/em>, Nr. 14, S. 38ff.<\/p>\n\n\n\n<p>1996 <a href=\"https:\/\/www.christianfleck.eu\/v1\/pdf\/texte\/1996h.pdf\">P. Wijdeveld, Ludwig Wittgenstein, Architect, R. Streibel (Hg.), Eugenie Schwarzwald und ihr Kreis, Mauerbach Benefit Sale on Behalf of the Federation of Jewish Communities of Austria<\/a>, in: <em>Newsletter des AGS\u00d6<\/em>, Nr. 14, S. 40ff.<\/p>\n\n\n\n<p>1996 <a href=\"https:\/\/www.christianfleck.eu\/v1\/pdf\/texte\/1996i.pdf\">D. Mark (Hg.), Paul Lazarsfelds Wiener RAVAG-Studie 1932. Der Beginn der modernen Rundfunkforschung<\/a>, in: <em>Newsletter des AGS\u00d6<\/em>, Nr. 14, S. 37f.<\/p>\n\n\n\n<p>1996 <a href=\"https:\/\/www.christianfleck.eu\/v1\/pdf\/texte\/1996j.pdf\">F. A. Hayek, Hayek on Hayek.&nbsp; An Autobiographical Dialogue, E. Voegelin, Autobiographische Reflexionen, P. Feyerabend, Zeiterschwendung,<\/a> in: <em>Newsletter des AGS\u00d6<\/em> , Nr. 13, S. 26ff.<\/p>\n\n\n\n<p>1996 <a href=\"https:\/\/www.christianfleck.eu\/v1\/pdf\/texte\/1996k.pdf\">E. Hanisch, Der lange Schatten des Staates. \u00d6sterreichische Gesellschaftsgeschichte im 20. Jahrhundert, Handbuch des politischen Systems \u00d6sterreichs. Erste Republik 1918-1933, hrsg. v. E. T\u00e1los u.a.,\u00d6sterreich 1945-1995, Gesellschaft. Politik. Kultur, hrsg. v. R. Sieder, H. Steinert und E. T\u00e1los, G. Hartmann, Der CV in \u00d6sterreich. Seine Entstehung, seine Geschichte, seine Bedeutung<\/a>, in: <em>Newsletter des AGS\u00d6<\/em>, Nr. 13, S. 32ff.<\/p>\n\n\n\n<p>1996 E. C. Hughes, On Work, Race, and the Sociological Imagination, in: <em>K\u00f6lner Zeitschrift f\u00fcr Soziologie und Sozialpsychologie<\/em>, 48.&nbsp; Jg., S. 376ff.<\/p>\n\n\n\n<p>1996 G. Benetka, Psychologie in Wien, in: <em>\u00d6sterreichische Zeitschrift f\u00fcr Geschichtswissenschaften<\/em>, 7.&nbsp; Jg., S. 149ff.<\/p>\n\n\n\n<p>1996 Jahrbuch f\u00fcr Soziologiegeschichte 1991, 1992, 1993, in: <em>Soziologische Revue<\/em>, 19. Jg., S. 205ff.<\/p>\n\n\n\n<p>1996 <a href=\"https:\/\/www.christianfleck.eu\/v1\/pdf\/texte\/1996o.pdf\">R. K. Merton, Soziologische Theorie und soziale Struktur<\/a>, in: <em>K\u00f6lner Zeitschrift f\u00fcr Soziologie und Sozialpsychologie<\/em>, 48.&nbsp; Jg., S. 156ff.<\/p>\n\n\n\n<p>1995 H.-J. Dahms, Positivismusstreit, in: <em>K\u00f6lner Zeitschrift f\u00fcr Soziologie und Sozialpsychologie<\/em>, 47.&nbsp; Jg., S. 380ff.<\/p>\n\n\n\n<p>1995 <a href=\"https:\/\/www.christianfleck.eu\/v1\/pdf\/texte\/1995h.pdf\">G. S. Edgcomb, From Swastika to Jim Crow: Refugee Scholars at Black Colleges<\/a>, in: <em>Newsletter des AGS\u00d6<\/em>, Nr. 11, S. 29f.<\/p>\n\n\n\n<p>1994 <a href=\"https:\/\/www.christianfleck.eu\/v1\/pdf\/texte\/1994g&amp;h.pdf\">C. Epstein, A Past Renewed. A Catalog of German-Speaking Refugee Historians in the United States after 1933<\/a>, in: <em>Newsletter des AGS\u00d6<\/em>, Nr.10, S. 43f.<\/p>\n\n\n\n<p>1994 <a href=\"https:\/\/www.christianfleck.eu\/v1\/pdf\/texte\/1994g&amp;h.pdf\">Refugee Scholars. Conversation with Tess Simpson, edited by Ray M. Cooper<\/a>, in: <em>Newsletter des AGS\u00d6<\/em>, Nr. 10, S. 42f.<\/p>\n\n\n\n<p>1994 P. F. Lazarsfeld, On Social Research and its Language, in: <em>K\u00f6lner Zeitschrift f\u00fcr Soziologie und Sozialpsychologie<\/em>, 46.&nbsp; Jg., S. 353ff.<\/p>\n\n\n\n<p>1994 D. L. Sills &amp; R. K. Merton, The Macmillan Book of Social Science Quotations, in: <em>K\u00f6lner Zeitschrift f\u00fcr Soziologie und Sozialpsychologie<\/em> , 46. Jg,. S. 159ff.<\/p>\n\n\n\n<p>1994 R. Lindner, Die Entdeckung der Stadtkultur, in: <em>Zeitgeschichte<\/em> , 21.&nbsp; Jg., S. 74ff.<\/p>\n\n\n\n<p>1992 <a href=\"https:\/\/www.christianfleck.eu\/v1\/pdf\/texte\/1992g.pdf\">H. E. L\u00fcck u.a., Sozialgeschichte der Psychologie. Eine Einf\u00fchrung, Geschichte der Psychologie. Ein Handbuch in Schl\u00fcsselbegriffen, herausgegeben von H. E. L\u00fcck u.a., Daten zur Geschichte der deutschen Psychologie, Bd. 1: Psychologische Institute, Fachgesellschaften, Fachzeitschriften und Serien, Biographien, Emigranten 1879 &#8211; 1945, hrsg. v. U. Geuter, Bd. 2: Psychologische Dissertationen 1885 &#8211; 1967, hrsg. v. U. Geuter<\/a>, in: <em>Newsletter des AGS\u00d6<\/em>, Nr. 6, S. 21ff.<\/p>\n\n\n\n<p>1992 U. Kuckartz, Textanalysesysteme f\u00fcr die Sozialwissenschaften. Einf\u00fchrung in MAX und TEXTBASE ALPHA MAX Textanalysesystem 3.3, in: <em>\u00d6sterreichische Zeitschrift f\u00fcr Soziologie<\/em>, 17.Jg., S. 100ff.<\/p>\n\n\n\n<p>1992 H. M\u00fcnkler, Hrsg., Der Partisan. Theorie, Strategie, Gestalt, in: <em>Zeitgeschichte<\/em>, 19. Jg., S. 313ff.<\/p>\n\n\n\n<p>1991 <a href=\"https:\/\/www.christianfleck.eu\/v1\/pdf\/texte\/1991a.pdf\">Bibliographia Judaica. Verzeichnis j\u00fcdischer Autoren deutscher Sprache, bearbeitet von R. Heuer \u00d6sterreichisch-j\u00fcdisches Geistes- und Kulturleben K. M\u00fchlberger, Dokumentation &#8222;Vertriebene Intelligenz 1938&#8220;. Der Verlust geistiger und menschlicher Potenz an der Universit\u00e4t Wien von 1938 bis 1945<\/a>, in: <em>Newsletter des AGS\u00d6<\/em>, Nr. 5, S. 20 &#8211; 23.<\/p>\n\n\n\n<p>1991 H. Steinert, Hrsg., Die (mindestens) zwei Sozialwissenschaften in Frankfurt und ihre Geschichte, in: <em>\u00d6sterreichische Zeitschrift f\u00fcr Soziologie<\/em> , 16. Jg., S. 88ff.<\/p>\n\n\n\n<p>1990 G. Hei\u00df u.a., Hrsg., Willf\u00e4hrige Wissenschaft. Die Universit\u00e4t Wien 1938 &#8211; 1945, in: <em>\u00d6sterreichische Zeitschrift f\u00fcr Geschichtswissenschaften<\/em> , 1.&nbsp; Jg., S. 139ff.<\/p>\n\n\n\n<p>1990 W\u00f6rterbuch der Soziologie, hrsg. von G. Endruweit u. G. Trommsdorff, in: <em>Zeitgeschichte<\/em>, 18. Jg., S. 105ff.<\/p>\n\n\n\n<p>1989 <a href=\"https:\/\/www.christianfleck.eu\/v1\/pdf\/texte\/1989e.pdf\">W. H\u00f6flechner, Die Baumeister des k\u00fcnftigen Gl\u00fccks. Fragment einer Geschichte des Hochschulwesens in \u00d6sterreich vom Ausgang des 19. Jahrhunderts bis in das Jahr 1938, H. Engelbrecht, Geschichte des \u00f6sterreichischen Bildungswesens, Bd. 4 und Bd. 5 Die Universit\u00e4t G\u00f6ttingen unter dem Nationalsozialismus. Das verdr\u00e4ngte Kapitel ihrer 250j\u00e4hrigen Geschichte<\/a>, in: <em>Newsletter des AGS\u00d6<\/em>, Nr. 3, S. 28ff.<\/p>\n\n\n\n<p>1989 <a href=\"https:\/\/www.christianfleck.eu\/v1\/pdf\/texte\/1989f.pdf\">I. Srubar, Hg., Exil, Wissenschaft, Identit\u00e4t. Die Emigration deutscher Sozialwissenschaftler 1933-1945<\/a>, in: <em>Newsletter des AGS\u00d6<\/em>, Nr. 2, S. 16f.<\/p>\n\n\n\n<p>1985 G. Botz, J. Weidenholzer, Hrsg., M\u00fcndliche Geschichte und Arbeiterbewegung, in: <em>Das Argument<\/em>, Nr. 151, S. 458f. 1984 K. Acham, Philosophie der Sozialwissenschaften, in: <em>Das Argument Beiheft<\/em>, S. 144f.<\/p>\n\n\n\n<p>1984 G. Mozetic, Hg., Austromarxistische Positionen, in: <em>Die Zukunft<\/em> , H. 11, S. 45. 1981 Sammelbesprechung zum Thema Macht und Aggression, in: <em>Sterz<\/em>, H. 18, S. 20ff.<\/p>\n\n\n\n<p>1981 U. Jaeggi &amp; A. Honneth, Hrsg., Theorien des Historischen Materialismus, in: <em>Conceptus<\/em>, H. 35\/36, S. 226ff. 1981 Ch. Helberger, Marxismus als Methode, in: <em>Conceptus<\/em>, H. 35\/36, S. 231ff.<\/p>\n\n\n\n<p>1980 Ch. Benard &amp; E. Schlaffer, Der Mann auf der Stra\u00dfe, in: <em>\u00d6sterreichische Zeitschrift f\u00fcr Soziologie<\/em>, 5.&nbsp; Jg., S. 140ff.<\/p>\n\n\n\n<p>1979 Ch. Levinson, Wodka-Cola. \u00dcber wirtschaftliche Zusammenarbeit zwischen Ost und West, in: <em>Die Zukunft<\/em>, H. 5, S. 46f.<\/p>\n\n\n\n<p>1978 V. M. Bader u.a., Einf\u00fchrung in die Gesellschaftstheorie, in: <em>Das Argument<\/em>, Nr. 110, S. 596f.<\/p>\n\n\n\n<p>1974 Archiv f\u00fcr die Geschichte des Sozialismus und der Arbeiterbewegung. hrsg. v. Carl Gr\u00fcnberg, Indexband, in: <em>Conceptus<\/em>, H. 25, S. 115 ff. (gemeinsam mit Gerald Mozetic).<\/p>\n","protected":false},"excerpt":{"rendered":"<p>2021 Leistungsbeurteilung aus dem Lehnstuhl, Literaturessay zu \u201eDie Soziologie und ihre Nachbardisziplinen im Habsburgerreich&#8220; von Karl Acham (Hg.), in: Soziopolis 2020 Chr. Adair\u2011Toteff and S. P. Turner, The Calling of Social Thought: Rediscovering the Work of Edward Shils, in: Minerva 58: 481-3, DOI 10.1007\/s11024-020-09410-9 2019 Die Tyrannei der Kennzahlen, Besprechung von Y. Gingras, Bibliometrics und &hellip; <\/p>\n<p class=\"link-more\"><a href=\"https:\/\/www.christianfleck.eu\/index.php\/werke\/rezensionen\/\" class=\"more-link\"><span class=\"screen-reader-text\">\u201eRezensionen\u201c <\/span>weiterlesen<\/a><\/p>\n","protected":false},"author":1,"featured_media":0,"parent":84,"menu_order":6,"comment_status":"closed","ping_status":"closed","template":"","meta":{"footnotes":""},"class_list":["post-96","page","type-page","status-publish","hentry","entry"],"_links":{"self":[{"href":"https:\/\/www.christianfleck.eu\/index.php\/wp-json\/wp\/v2\/pages\/96","targetHints":{"allow":["GET"]}}],"collection":[{"href":"https:\/\/www.christianfleck.eu\/index.php\/wp-json\/wp\/v2\/pages"}],"about":[{"href":"https:\/\/www.christianfleck.eu\/index.php\/wp-json\/wp\/v2\/types\/page"}],"author":[{"embeddable":true,"href":"https:\/\/www.christianfleck.eu\/index.php\/wp-json\/wp\/v2\/users\/1"}],"replies":[{"embeddable":true,"href":"https:\/\/www.christianfleck.eu\/index.php\/wp-json\/wp\/v2\/comments?post=96"}],"version-history":[{"count":2,"href":"https:\/\/www.christianfleck.eu\/index.php\/wp-json\/wp\/v2\/pages\/96\/revisions"}],"predecessor-version":[{"id":171,"href":"https:\/\/www.christianfleck.eu\/index.php\/wp-json\/wp\/v2\/pages\/96\/revisions\/171"}],"up":[{"embeddable":true,"href":"https:\/\/www.christianfleck.eu\/index.php\/wp-json\/wp\/v2\/pages\/84"}],"wp:attachment":[{"href":"https:\/\/www.christianfleck.eu\/index.php\/wp-json\/wp\/v2\/media?parent=96"}],"curies":[{"name":"wp","href":"https:\/\/api.w.org\/{rel}","templated":true}]}}