{"id":98,"date":"2021-05-05T10:43:07","date_gmt":"2021-05-05T08:43:07","guid":{"rendered":"https:\/\/www.christianfleck.eu\/?page_id=98"},"modified":"2021-05-05T10:43:07","modified_gmt":"2021-05-05T08:43:07","slug":"vervielfaeltige-manuskripte","status":"publish","type":"page","link":"https:\/\/www.christianfleck.eu\/index.php\/werke\/vervielfaeltige-manuskripte\/","title":{"rendered":"Vervielf\u00e4ltige Manuskripte"},"content":{"rendered":"\n<p>1996<em> Endbericht \u00fcber die Mitarbeiterbefragung AMS (Arbeitsmarktservice) Tirol<\/em>, Graz: B\u00fcro f\u00fcr Sozialforschung 38 S. (mimeo).<\/p>\n\n\n\n<p>1995 <em>The Restauration of Austrian Universities after World War II<\/em>, Working Papers in Austrian Studies 95-3, Center for Austrian Studies, University of Minnesota, 10 S. (mimeo).&nbsp;<\/p>\n\n\n\n<p>1995<em> \u201eEcht Gries\u201c. Eine sozialwissenschaftliche Untersuchung \u00fcber problematische Erfahrungen im \u00f6ffentlichen Raum<\/em>, im Auftrag des \u201esteirischen herbst\u201c durchgef\u00fchrt vom Institut f\u00fcr Rechts- und Kriminalsoziologie, Wien und dem B\u00fcro f\u00fcr Sozialforschung, Graz. 37 S. (mimeo).<\/p>\n\n\n\n<p>1989 <em>Rund um &#8222;Marienthal&#8220;. Untersuchungen \u00fcber institutionelle und biographische Aspekte der Entwicklung der Soziologie und Sozialforschung in \u00d6sterreich<\/em>, Graz (mimeo Habil.schrift).<\/p>\n\n\n\n<p>1987 <em>Struktur der Arbeitslosigkeit im Bezirk Leoben. Endbericht<\/em>, im Auftrag des BMAS. Graz: B\u00fcro f\u00fcr Sozialforschung. 211 S. (gemeinsam m. H.G. Zilian, unter Mitarbeit v. J. H\u00f6dl u. A. Krickl).<\/p>\n\n\n\n<p>1983 <em>Ethnozentrismus in der sozialistischen Arbeiterbewegung<\/em>, Forschungsprojekt des Jubil\u00e4umsfonds der \u00d6sterreichischen Nationalbank, (mit einem Beitrag von H.G. Zilian). 200 S. (mimeo).<\/p>\n\n\n\n<p>1983 <em>Selbstbild und Fremdbild politisch motivierter Widerstandsk\u00e4mpfer gegen den Nationalsozialismus &#8211; Am Beispiel der Kampfgruppe Steiermark<\/em>, im Auftrag des BMWF, Projektteam Geschichte der Arbeiterbewegung. 240 S. (mimeo).<\/p>\n\n\n\n<p>1979 <em><a href=\"https:\/\/www.christianfleck.eu\/v1\/pdf\/texte\/1979a.pdf\">Der prominente \u00dcberbau. Studien zur Sozialisationstheorie und Evolutionstheorie von J\u00fcrgen Habermas<\/a><\/em>, Phil. Diss. Geisteswissenschaftliche Fakult\u00e4t Univ. Graz. 207 S. (mimeo).<\/p>\n","protected":false},"excerpt":{"rendered":"<p>1996 Endbericht \u00fcber die Mitarbeiterbefragung AMS (Arbeitsmarktservice) Tirol, Graz: B\u00fcro f\u00fcr Sozialforschung 38 S. (mimeo). 1995 The Restauration of Austrian Universities after World War II, Working Papers in Austrian Studies 95-3, Center for Austrian Studies, University of Minnesota, 10 S. (mimeo).&nbsp; 1995 \u201eEcht Gries\u201c. Eine sozialwissenschaftliche Untersuchung \u00fcber problematische Erfahrungen im \u00f6ffentlichen Raum, im Auftrag &hellip; <\/p>\n<p class=\"link-more\"><a href=\"https:\/\/www.christianfleck.eu\/index.php\/werke\/vervielfaeltige-manuskripte\/\" class=\"more-link\"><span class=\"screen-reader-text\">\u201eVervielf\u00e4ltige Manuskripte\u201c <\/span>weiterlesen<\/a><\/p>\n","protected":false},"author":1,"featured_media":0,"parent":84,"menu_order":7,"comment_status":"closed","ping_status":"closed","template":"","meta":{"footnotes":""},"class_list":["post-98","page","type-page","status-publish","hentry","entry"],"_links":{"self":[{"href":"https:\/\/www.christianfleck.eu\/index.php\/wp-json\/wp\/v2\/pages\/98","targetHints":{"allow":["GET"]}}],"collection":[{"href":"https:\/\/www.christianfleck.eu\/index.php\/wp-json\/wp\/v2\/pages"}],"about":[{"href":"https:\/\/www.christianfleck.eu\/index.php\/wp-json\/wp\/v2\/types\/page"}],"author":[{"embeddable":true,"href":"https:\/\/www.christianfleck.eu\/index.php\/wp-json\/wp\/v2\/users\/1"}],"replies":[{"embeddable":true,"href":"https:\/\/www.christianfleck.eu\/index.php\/wp-json\/wp\/v2\/comments?post=98"}],"version-history":[{"count":1,"href":"https:\/\/www.christianfleck.eu\/index.php\/wp-json\/wp\/v2\/pages\/98\/revisions"}],"predecessor-version":[{"id":99,"href":"https:\/\/www.christianfleck.eu\/index.php\/wp-json\/wp\/v2\/pages\/98\/revisions\/99"}],"up":[{"embeddable":true,"href":"https:\/\/www.christianfleck.eu\/index.php\/wp-json\/wp\/v2\/pages\/84"}],"wp:attachment":[{"href":"https:\/\/www.christianfleck.eu\/index.php\/wp-json\/wp\/v2\/media?parent=98"}],"curies":[{"name":"wp","href":"https:\/\/api.w.org\/{rel}","templated":true}]}}